{"id":2,"date":"2021-01-12T10:10:59","date_gmt":"2021-01-12T13:10:59","guid":{"rendered":"http:\/\/rastrecurve.com.br\/?page_id=2"},"modified":"2024-03-12T11:03:17","modified_gmt":"2024-03-12T14:03:17","slug":"pagina-exemplo","status":"publish","type":"page","link":"https:\/\/rastrecurve.com.br\/","title":{"rendered":"Apresenta\u00e7\u00e3o"},"content":{"rendered":"\n<p class=\"has-text-align-center has-medium-font-size\"><strong>O Rastre Curve 2Plus \u00e9 um dispositivo rastreador de defeitos, comumente conhecido como Analisador de assinatura de curvas, ou Curve Tracer que contem recursos de An\u00e1lise de curvas caracter\u00edsticas. A an\u00e1lise da curva \u00e9 uma poderosa t\u00e9cnica de teste para encontrar falhas em PCBs: uma voltagem AC em uma determinada frequ\u00eancia \u00e9 injetada em um pino num determinado ponto em uma placa de circuito e o analisador injeta a tens\u00e3o e a corrente o que resulta em uma forma de curva em uma tela XY. Esta exibi\u00e7\u00e3o \u00e9 uma &#8220;assinatura&#8221; da opera\u00e7\u00e3o do circuito, que pode ser comparada com um padr\u00e3o ou uma placa conhecida como &#8220;boa&#8221;. Se os padr\u00f5es n\u00e3o coincidirem, a placa de teste estar\u00e1 com defeito. Por exemplo, ao testar um ponto, um capacitor mostrar\u00e1 uma elipse, um resistor mostrar\u00e1 uma linha reta em um \u00e2ngulo, um diodo mostra a curva exponencial caracter\u00edstica, etc.<\/strong><\/p>\n\n\n\n<div class=\"wp-block-image\"><figure class=\"aligncenter size-large is-resized\"><img loading=\"lazy\" src=\"http:\/\/rastrecurve.com.br\/wp-content\/uploads\/2021\/01\/image.png\" alt=\"\" class=\"wp-image-68\" width=\"730\" height=\"580\" srcset=\"https:\/\/rastrecurve.com.br\/wp-content\/uploads\/2021\/01\/image.png 757w, https:\/\/rastrecurve.com.br\/wp-content\/uploads\/2021\/01\/image-600x477.png 600w, https:\/\/rastrecurve.com.br\/wp-content\/uploads\/2021\/01\/image-300x239.png 300w\" sizes=\"(max-width: 730px) 100vw, 730px\" \/><\/figure><\/div>\n\n\n\n<blockquote class=\"wp-block-quote has-text-align-center is-style-large\"><p><strong>&nbsp; A an\u00e1lise de assinatura \u00e9 popular em situa\u00e7\u00f5es de teste em bancadas, porque n\u00e3o requer conhecimento de opera\u00e7\u00e3o do circuito e assim pode ser usado para agilizar a analise e manuten\u00e7\u00e3o de um equipamento. O Rastre Curve 2Plus representa uma vantagem significativa em rela\u00e7\u00e3o aos instrumentos de an\u00e1lise de assinatura existentes: custa mais barato em rela\u00e7\u00e3o aos instrumentos de an\u00e1lise de assinatura existentes e a faixa de freq\u00fc\u00eancia do sinal de teste \u00e9 injetada por um tempo muito pequeno (1,5ms) pr\u00f3prio para n\u00e3o danificar circuitos sens\u00edveis&#8230;<\/strong><\/p><\/blockquote>\n\n\n\n<figure class=\"wp-block-embed is-type-video is-provider-youtube wp-block-embed-youtube wp-embed-aspect-16-9 wp-has-aspect-ratio\"><div class=\"wp-block-embed__wrapper\">\n<iframe title=\"Localizador de Defeitos Rastre Curve 2Plus- Modo Grava\u00e7\u00e3o\/ Edi\u00e7\u00e3o e Teste\" width=\"1170\" height=\"658\" src=\"https:\/\/www.youtube.com\/embed\/Pm_Wm_YJQpg?feature=oembed\" frameborder=\"0\" allow=\"accelerometer; autoplay; clipboard-write; encrypted-media; gyroscope; picture-in-picture; web-share\" allowfullscreen><\/iframe>\n<\/div><figcaption><br><strong>RASTRECURVE INDUSTRIA DE EQUIPAMENTOS ELETRONICOS LTDA<br>Rua Silvio Caldas, 2049, Bairro Nato Vetorasso. CEP 15042-103 Sao Jos\u00e9 do Rio Preto -SP-<\/strong><br><strong>Fone: +55 17 991180770<\/strong><\/figcaption><\/figure>\n","protected":false},"excerpt":{"rendered":"<p>O Rastre Curve 2Plus \u00e9 um dispositivo rastreador de defeitos, comumente conhecido como Analisador de assinatura de curvas, ou Curve Tracer que contem recursos de An\u00e1lise de curvas caracter\u00edsticas. A an\u00e1lise da curva \u00e9 uma poderosa t\u00e9cnica de teste para encontrar falhas em PCBs: uma voltagem AC em uma determinada frequ\u00eancia \u00e9 injetada em um [&hellip;]<\/p>\n","protected":false},"author":1,"featured_media":0,"parent":0,"menu_order":0,"comment_status":"closed","ping_status":"open","template":"","meta":[],"_links":{"self":[{"href":"https:\/\/rastrecurve.com.br\/index.php\/wp-json\/wp\/v2\/pages\/2"}],"collection":[{"href":"https:\/\/rastrecurve.com.br\/index.php\/wp-json\/wp\/v2\/pages"}],"about":[{"href":"https:\/\/rastrecurve.com.br\/index.php\/wp-json\/wp\/v2\/types\/page"}],"author":[{"embeddable":true,"href":"https:\/\/rastrecurve.com.br\/index.php\/wp-json\/wp\/v2\/users\/1"}],"replies":[{"embeddable":true,"href":"https:\/\/rastrecurve.com.br\/index.php\/wp-json\/wp\/v2\/comments?post=2"}],"version-history":[{"count":12,"href":"https:\/\/rastrecurve.com.br\/index.php\/wp-json\/wp\/v2\/pages\/2\/revisions"}],"predecessor-version":[{"id":321,"href":"https:\/\/rastrecurve.com.br\/index.php\/wp-json\/wp\/v2\/pages\/2\/revisions\/321"}],"wp:attachment":[{"href":"https:\/\/rastrecurve.com.br\/index.php\/wp-json\/wp\/v2\/media?parent=2"}],"curies":[{"name":"wp","href":"https:\/\/api.w.org\/{rel}","templated":true}]}}